{"id":339,"date":"2014-02-03T11:55:34","date_gmt":"2014-02-03T11:55:34","guid":{"rendered":"http:\/\/www.bierversuche.ch\/blog\/?page_id=339"},"modified":"2014-02-03T17:38:49","modified_gmt":"2014-02-03T17:38:49","slug":"kontakt","status":"publish","type":"page","link":"https:\/\/www.bierversuche.ch\/blog\/kontakt\/","title":{"rendered":"Kontakt:"},"content":{"rendered":"\n\n<!-- Fast Secure Contact Form plugin 4.0.52 - begin - FastSecureContactForm.com -->\r\n<div style=\"clear:both;\"><\/div>\n<p><b>Gerne stehen wir Red und Antwort!\r\n<\/b> <br><br>\r\nF\u00fcr allgemeine Fragen und Anmerkungen zum Blog benutzen Sie bitte das unten stehende Formular.\r\n\r\nWer uns pers\u00f6nlich reinen Wein einschenken m\u00f6chte kann uns per Mail erreichen:\r\n<ul>\r\n<li><a href=\"ma&#105;&#108;&#116;&#111;&#x3a;&#x63;&#x68;&#x72;&#x69;st&#105;&#97;&#110;&#64;&#x62;&#x69;&#x65;&#x72;&#x76;er&#115;&#117;&#99;&#104;&#x65;&#x2e;&#x63;&#x68;\">Christian<\/a><\/li>\r\n<li><a href=\"m&#97;&#105;&#x6c;&#x74;o:&#109;&#97;&#x72;&#x63;el&#64;&#98;&#x69;&#x65;rv&#101;&#x72;&#x73;&#x75;c&#104;&#101;&#x2e;&#x63;&#x68;\">Marcel<\/a><\/li>\r\n<\/ul>\r\n<br>\r\n<\/p>\r\n<div id=\"FSContact1\" style=\"width:99%; max-width:555px;\">\r\n<form action=\"https:\/\/www.bierversuche.ch\/blog\/wp-json\/wp\/v2\/pages\/339#FSContact1\" id=\"fscf_form1\" method=\"post\">\r\n\n<div id=\"fscf_div_clear1_0\" style=\"clear:both;\">\n  <div id=\"fscf_div_field1_0\" style=\"clear:left; float:left; width:99%; max-width:550px; margin-right:10px;\">\r\n    <div style=\"text-align:left; padding-top:5px;\">\n      <label style=\"text-align:left;\" for=\"fscf_name1\">Name:<span style=\"text-align:left;\">*<\/span><\/label>\n    <\/div>\r\n    <div style=\"text-align:left;\">\r\n      <input style=\"text-align:left; margin:0; width:99%; max-width:250px;\" type=\"text\" id=\"fscf_name1\" name=\"full_name\" value=\"\"  readonly=\"readonly\" \/>\r\n    <\/div>\r\n  <\/div>\n<\/div>\n\n<div id=\"fscf_div_clear1_1\" style=\"clear:both;\">\n  <div id=\"fscf_div_field1_1\" style=\"clear:left; float:left; width:99%; max-width:550px; margin-right:10px;\">\n    <div style=\"text-align:left; padding-top:5px;\">\n      <label style=\"text-align:left;\" for=\"fscf_email1\">Email:<span style=\"text-align:left;\">*<\/span><\/label>\n    <\/div>\n    <div style=\"text-align:left;\">\n      <input style=\"text-align:left; margin:0; width:99%; max-width:250px;\" type=\"text\" id=\"fscf_email1\" name=\"email\" value=\"\"  readonly=\"readonly\" \/>\n    <\/div>\n  <\/div>\n<\/div>\n\n<div id=\"fscf_div_clear1_2\" style=\"clear:both;\">\n  <div id=\"fscf_div_field1_2\" style=\"clear:left; float:left; width:99%; max-width:550px; margin-right:10px;\">\n    <div style=\"text-align:left; padding-top:5px;\">\n      <label style=\"text-align:left;\" for=\"fscf_field1_2\">Betreff:<span style=\"text-align:left;\">*<\/span><\/label>\n    <\/div>\n    <div style=\"text-align:left;\">\n      <input style=\"text-align:left; margin:0; width:99%; max-width:250px;\" type=\"text\" id=\"fscf_field1_2\" name=\"subject\" value=\"\"  \/>\n    <\/div>\n  <\/div>\n<\/div>\n\n<div id=\"fscf_div_clear1_3\" style=\"clear:both;\">\n  <div id=\"fscf_div_field1_3\" style=\"clear:left; float:left; width:99%; max-width:550px; margin-right:10px;\">\n    <div style=\"text-align:left; padding-top:5px;\">\n      <label style=\"text-align:left;\" for=\"fscf_field1_3\">Nachricht:<span style=\"text-align:left;\">*<\/span><\/label>\n    <\/div>\n    <div style=\"text-align:left;\">\n      <textarea style=\"text-align:left; margin:0; width:99%; max-width:250px; height:120px;\" id=\"fscf_field1_3\" name=\"message\" cols=\"30\" rows=\"10\" ><\/textarea>\n    <\/div>\n  <\/div>\n<\/div>\r\n<div style=\"clear:both;\"><\/div>\n\n<div style=\"text-align:left; padding-top:5px;\">\n<\/div>\n<div id=\"fscf_captcha_image_div1\" style=\"width:250px; height:65px; padding-top:2px;\">\n      <img loading=\"lazy\" decoding=\"async\" id=\"fscf_captcha_image1\" style=\"border-style:none; margin:0; padding:0px; padding-right:5px; float:left;\" src=\"https:\/\/www.bierversuche.ch\/blog\/wp-content\/plugins\/si-contact-form\/captcha\/securimage_show.php?prefix=OWBEoratlJqtHsoZ\" width=\"175\" height=\"60\" alt=\"CAPTCHA\" title=\"CAPTCHA\" \/>\n      <input id=\"fscf_captcha_prefix1\" type=\"hidden\" name=\"fscf_captcha_prefix1\" value=\"OWBEoratlJqtHsoZ\" \/>\n     <div id=\"fscf_captcha_refresh1\">\n        <a href=\"#\" rel=\"nofollow\" title=\"Refresh\" onclick=\"fscf_captcha_refresh('1','\/blog\/wp-content\/plugins\/si-contact-form\/captcha','https:\/\/www.bierversuche.ch\/blog\/wp-content\/plugins\/si-contact-form\/captcha\/securimage_show.php?prefix='); return false;\">\n        <img data-recalc-dims=\"1\" loading=\"lazy\" decoding=\"async\" src=\"https:\/\/i0.wp.com\/www.bierversuche.ch\/blog\/wp-content\/plugins\/si-contact-form\/captcha\/images\/refresh.png?resize=22%2C20&#038;ssl=1\" width=\"22\" height=\"20\" alt=\"Refresh\" style=\"border-style:none; margin:0; padding:0px; vertical-align:bottom;\" onclick=\"this.blur();\" \/><\/a>\r\n     <\/div>\r\n<\/div>\r\n\r\n<div id=\"fscf_captcha_field1\" style=\"text-align:left; padding-top:5px;\">\r\n     <label style=\"text-align:left;\" for=\"fscf_captcha_code1\">CAPTCHA Code:<span style=\"text-align:left;\">*<\/span><\/label>\r\n<\/div>\r\n<div style=\"text-align:left;\">\n     <input style=\"text-align:left; margin:0; width:50px;\" type=\"text\" value=\"\" autocomplete=\"off\" id=\"fscf_captcha_code1\" name=\"captcha_code\"  \/>\n<\/div>\n\n<div id=\"fscf_submit_div1\" style=\"text-align:left; clear:both; padding-top:15px;\">\r\n\t\t<input type=\"submit\" id=\"fscf_submit1\" style=\"cursor:pointer; margin:0;\" value=\"senden\"  onclick=\"this.disabled=true; this.value='Submitting...'; this.form.submit();\" \/> \n<\/div>\n\n<input type=\"hidden\" name=\"fscf_submitted\" value=\"0\" \/>\n<input type=\"hidden\" name=\"fs_postonce_1\" value=\"1f41da57c68602c1d2ee2e010f8dfd70,1776286522\" \/>\n<input type=\"hidden\" name=\"si_contact_action\" value=\"send\" \/>\n<input type=\"hidden\" name=\"form_id\" value=\"1\" \/>\n<input type=\"hidden\" name=\"mailto_id\" value=\"1\" \/>\n\n<\/form>\n<\/div>\r\n<div style=\"clear:both;\"><\/div>\n\n<!-- Fast Secure Contact Form plugin 4.0.52 - end - FastSecureContactForm.com -->\n\n","protected":false},"excerpt":{"rendered":"","protected":false},"author":1,"featured_media":0,"parent":0,"menu_order":0,"comment_status":"open","ping_status":"open","template":"contact.php","meta":{"jetpack_post_was_ever_published":false,"footnotes":""},"class_list":["post-339","page","type-page","status-publish","hentry","col-sm-6 col-md-4"],"featured_image_urls_v2":{"full":"","thumbnail":"","medium":"","medium_large":"","large":"","1536x1536":"","2048x2048":"","greatmag-extra-small":"","greatmag-small":"","greatmag-medium":"","greatmag-featured-a":"","greatmag-featured-b":"","greatmag-featured-c":"","greatmag-single":""},"post_excerpt_stackable_v2":"<p>Gerne stehen wir Red und Antwort! F\u00fcr allgemeine Fragen und Anmerkungen zum Blog benutzen Sie bitte das unten stehende Formular. Wer uns pers\u00f6nlich reinen Wein einschenken m\u00f6chte kann uns per Mail erreichen: Christian Marcel Name:* Email:* Betreff:* Nachricht:* CAPTCHA Code:*<\/p>\n","category_list_v2":"","author_info_v2":{"name":"marcel","url":"https:\/\/www.bierversuche.ch\/blog\/author\/admin\/"},"comments_num_v2":"0 comments","yoast_head":"<!-- This site is optimized with the Yoast SEO plugin v23.8 - https:\/\/yoast.com\/wordpress\/plugins\/seo\/ -->\n<title>Kontakt - Bierversuche.ch, das Craft-Bier online Magazin der Schweiz, lokal und international<\/title>\n<meta name=\"description\" content=\"Bierversuche Kontaktiere Jan, Christian oder Marcel von Bierversuche.ch\" \/>\n<meta name=\"robots\" content=\"index, follow, max-snippet:-1, max-image-preview:large, max-video-preview:-1\" \/>\n<link rel=\"canonical\" href=\"https:\/\/www.bierversuche.ch\/blog\/kontakt\/\" \/>\n<meta property=\"og:locale\" content=\"de_DE\" \/>\n<meta property=\"og:type\" content=\"article\" \/>\n<meta property=\"og:title\" content=\"Kontakt - Bierversuche.ch, das Craft-Bier online Magazin der Schweiz, lokal und international\" \/>\n<meta property=\"og:description\" content=\"Bierversuche Kontaktiere Jan, Christian oder Marcel von Bierversuche.ch\" \/>\n<meta property=\"og:url\" content=\"https:\/\/www.bierversuche.ch\/blog\/kontakt\/\" \/>\n<meta property=\"og:site_name\" content=\"bierversuche.ch\" \/>\n<meta property=\"article:publisher\" content=\"https:\/\/www.facebook.com\/bierversuchech\" \/>\n<meta property=\"article:modified_time\" content=\"2014-02-03T17:38:49+00:00\" \/>\n<meta name=\"twitter:card\" content=\"summary_large_image\" \/>\n<meta name=\"twitter:site\" content=\"@bierversuche\" \/>\n<script type=\"application\/ld+json\" class=\"yoast-schema-graph\">{\"@context\":\"https:\/\/schema.org\",\"@graph\":[{\"@type\":\"WebPage\",\"@id\":\"https:\/\/www.bierversuche.ch\/blog\/kontakt\/\",\"url\":\"https:\/\/www.bierversuche.ch\/blog\/kontakt\/\",\"name\":\"Kontakt - Bierversuche.ch, das Craft-Bier online Magazin der Schweiz, lokal und international\",\"isPartOf\":{\"@id\":\"https:\/\/www.bierversuche.ch\/blog\/#website\"},\"datePublished\":\"2014-02-03T11:55:34+00:00\",\"dateModified\":\"2014-02-03T17:38:49+00:00\",\"description\":\"Bierversuche Kontaktiere Jan, Christian oder Marcel von Bierversuche.ch\",\"breadcrumb\":{\"@id\":\"https:\/\/www.bierversuche.ch\/blog\/kontakt\/#breadcrumb\"},\"inLanguage\":\"de\",\"potentialAction\":[{\"@type\":\"ReadAction\",\"target\":[\"https:\/\/www.bierversuche.ch\/blog\/kontakt\/\"]}]},{\"@type\":\"BreadcrumbList\",\"@id\":\"https:\/\/www.bierversuche.ch\/blog\/kontakt\/#breadcrumb\",\"itemListElement\":[{\"@type\":\"ListItem\",\"position\":1,\"name\":\"Startseite\",\"item\":\"https:\/\/www.bierversuche.ch\/blog\/\"},{\"@type\":\"ListItem\",\"position\":2,\"name\":\"Kontakt:\"}]},{\"@type\":\"WebSite\",\"@id\":\"https:\/\/www.bierversuche.ch\/blog\/#website\",\"url\":\"https:\/\/www.bierversuche.ch\/blog\/\",\"name\":\"bierversuche.ch\",\"description\":\"Craft Beer Blog\",\"publisher\":{\"@id\":\"https:\/\/www.bierversuche.ch\/blog\/#organization\"},\"potentialAction\":[{\"@type\":\"SearchAction\",\"target\":{\"@type\":\"EntryPoint\",\"urlTemplate\":\"https:\/\/www.bierversuche.ch\/blog\/?s={search_term_string}\"},\"query-input\":{\"@type\":\"PropertyValueSpecification\",\"valueRequired\":true,\"valueName\":\"search_term_string\"}}],\"inLanguage\":\"de\"},{\"@type\":\"Organization\",\"@id\":\"https:\/\/www.bierversuche.ch\/blog\/#organization\",\"name\":\"bierversuche\",\"url\":\"https:\/\/www.bierversuche.ch\/blog\/\",\"logo\":{\"@type\":\"ImageObject\",\"inLanguage\":\"de\",\"@id\":\"https:\/\/www.bierversuche.ch\/blog\/#\/schema\/logo\/image\/\",\"url\":\"https:\/\/i0.wp.com\/www.bierversuche.ch\/blog\/wp-content\/uploads\/2013\/10\/Bierversuche_final_ohne_background-e1380636421999.png?fit=120%2C120&ssl=1\",\"contentUrl\":\"https:\/\/i0.wp.com\/www.bierversuche.ch\/blog\/wp-content\/uploads\/2013\/10\/Bierversuche_final_ohne_background-e1380636421999.png?fit=120%2C120&ssl=1\",\"width\":120,\"height\":120,\"caption\":\"bierversuche\"},\"image\":{\"@id\":\"https:\/\/www.bierversuche.ch\/blog\/#\/schema\/logo\/image\/\"},\"sameAs\":[\"https:\/\/www.facebook.com\/bierversuchech\",\"https:\/\/x.com\/bierversuche\",\"https:\/\/www.instagram.com\/bierversuche\/\",\"https:\/\/www.youtube.com\/channel\/UCeL4NwY3vPvisauq_X7N8ZA\"]}]}<\/script>\n<!-- \/ Yoast SEO plugin. -->","yoast_head_json":{"title":"Kontakt - Bierversuche.ch, das Craft-Bier online Magazin der Schweiz, lokal und international","description":"Bierversuche Kontaktiere Jan, Christian oder Marcel von Bierversuche.ch","robots":{"index":"index","follow":"follow","max-snippet":"max-snippet:-1","max-image-preview":"max-image-preview:large","max-video-preview":"max-video-preview:-1"},"canonical":"https:\/\/www.bierversuche.ch\/blog\/kontakt\/","og_locale":"de_DE","og_type":"article","og_title":"Kontakt - Bierversuche.ch, das Craft-Bier online Magazin der Schweiz, lokal und international","og_description":"Bierversuche Kontaktiere Jan, Christian oder Marcel von Bierversuche.ch","og_url":"https:\/\/www.bierversuche.ch\/blog\/kontakt\/","og_site_name":"bierversuche.ch","article_publisher":"https:\/\/www.facebook.com\/bierversuchech","article_modified_time":"2014-02-03T17:38:49+00:00","twitter_card":"summary_large_image","twitter_site":"@bierversuche","schema":{"@context":"https:\/\/schema.org","@graph":[{"@type":"WebPage","@id":"https:\/\/www.bierversuche.ch\/blog\/kontakt\/","url":"https:\/\/www.bierversuche.ch\/blog\/kontakt\/","name":"Kontakt - Bierversuche.ch, das Craft-Bier online Magazin der Schweiz, lokal und international","isPartOf":{"@id":"https:\/\/www.bierversuche.ch\/blog\/#website"},"datePublished":"2014-02-03T11:55:34+00:00","dateModified":"2014-02-03T17:38:49+00:00","description":"Bierversuche Kontaktiere Jan, Christian oder Marcel von Bierversuche.ch","breadcrumb":{"@id":"https:\/\/www.bierversuche.ch\/blog\/kontakt\/#breadcrumb"},"inLanguage":"de","potentialAction":[{"@type":"ReadAction","target":["https:\/\/www.bierversuche.ch\/blog\/kontakt\/"]}]},{"@type":"BreadcrumbList","@id":"https:\/\/www.bierversuche.ch\/blog\/kontakt\/#breadcrumb","itemListElement":[{"@type":"ListItem","position":1,"name":"Startseite","item":"https:\/\/www.bierversuche.ch\/blog\/"},{"@type":"ListItem","position":2,"name":"Kontakt:"}]},{"@type":"WebSite","@id":"https:\/\/www.bierversuche.ch\/blog\/#website","url":"https:\/\/www.bierversuche.ch\/blog\/","name":"bierversuche.ch","description":"Craft Beer Blog","publisher":{"@id":"https:\/\/www.bierversuche.ch\/blog\/#organization"},"potentialAction":[{"@type":"SearchAction","target":{"@type":"EntryPoint","urlTemplate":"https:\/\/www.bierversuche.ch\/blog\/?s={search_term_string}"},"query-input":{"@type":"PropertyValueSpecification","valueRequired":true,"valueName":"search_term_string"}}],"inLanguage":"de"},{"@type":"Organization","@id":"https:\/\/www.bierversuche.ch\/blog\/#organization","name":"bierversuche","url":"https:\/\/www.bierversuche.ch\/blog\/","logo":{"@type":"ImageObject","inLanguage":"de","@id":"https:\/\/www.bierversuche.ch\/blog\/#\/schema\/logo\/image\/","url":"https:\/\/i0.wp.com\/www.bierversuche.ch\/blog\/wp-content\/uploads\/2013\/10\/Bierversuche_final_ohne_background-e1380636421999.png?fit=120%2C120&ssl=1","contentUrl":"https:\/\/i0.wp.com\/www.bierversuche.ch\/blog\/wp-content\/uploads\/2013\/10\/Bierversuche_final_ohne_background-e1380636421999.png?fit=120%2C120&ssl=1","width":120,"height":120,"caption":"bierversuche"},"image":{"@id":"https:\/\/www.bierversuche.ch\/blog\/#\/schema\/logo\/image\/"},"sameAs":["https:\/\/www.facebook.com\/bierversuchech","https:\/\/x.com\/bierversuche","https:\/\/www.instagram.com\/bierversuche\/","https:\/\/www.youtube.com\/channel\/UCeL4NwY3vPvisauq_X7N8ZA"]}]}},"jetpack_sharing_enabled":true,"jetpack_shortlink":"https:\/\/wp.me\/P4qyc6-5t","_links":{"self":[{"href":"https:\/\/www.bierversuche.ch\/blog\/wp-json\/wp\/v2\/pages\/339"}],"collection":[{"href":"https:\/\/www.bierversuche.ch\/blog\/wp-json\/wp\/v2\/pages"}],"about":[{"href":"https:\/\/www.bierversuche.ch\/blog\/wp-json\/wp\/v2\/types\/page"}],"author":[{"embeddable":true,"href":"https:\/\/www.bierversuche.ch\/blog\/wp-json\/wp\/v2\/users\/1"}],"replies":[{"embeddable":true,"href":"https:\/\/www.bierversuche.ch\/blog\/wp-json\/wp\/v2\/comments?post=339"}],"version-history":[{"count":3,"href":"https:\/\/www.bierversuche.ch\/blog\/wp-json\/wp\/v2\/pages\/339\/revisions"}],"predecessor-version":[{"id":5220,"href":"https:\/\/www.bierversuche.ch\/blog\/wp-json\/wp\/v2\/pages\/339\/revisions\/5220"}],"wp:attachment":[{"href":"https:\/\/www.bierversuche.ch\/blog\/wp-json\/wp\/v2\/media?parent=339"}],"curies":[{"name":"wp","href":"https:\/\/api.w.org\/{rel}","templated":true}]}}