{"id":5887,"date":"2021-02-15T14:12:32","date_gmt":"2021-02-15T13:12:32","guid":{"rendered":"http:\/\/www.bierversuche.ch\/blog\/?page_id=5887"},"modified":"2021-02-18T15:04:08","modified_gmt":"2021-02-18T14:04:08","slug":"event","status":"publish","type":"page","link":"https:\/\/www.bierversuche.ch\/blog\/event\/","title":{"rendered":"Event"},"content":{"rendered":"\n<p>Wann ist der n\u00e4chste Craftbier Event in der Gegend? Auf dieser Seite findest du den richtigen Event f\u00fcr dich in der Schweiz. Egal, ob dies ein Craftbier Festival ist, ein Tag der offenen T\u00fcr oder auch nur die Festzeiten am Tag des Schweizer Biers.&nbsp;<\/p>\n\n\n\n<p>Veranstalter tragen ihre Events selber in unser Formular ein und die Eintr\u00e4ge werden t\u00e4glich, automatisch aktualisiert. Deshalb \u00fcbernehmen wir aber keine Verantwortung f\u00fcr die Inhalte und Richtigkeit der Eintr\u00e4ge und Verlinkungen.<\/p>\n\n\n\n<iframe loading=\"lazy\" src=\"https:\/\/www.google.com\/maps\/d\/u\/0\/embed?mid=1QIasHFH4HKbg1I5A3DAkG8wmtbeyia0x\" width=\"640\" height=\"480\"><\/iframe>\n\n\n\n<div class=\"wp-block-ugb-spacer ugb-spacer ugb-746829c ugb-spacer--v2 ugb-main-block\"><div class=\"ugb-inner-block\"><div class=\"ugb-block-content\"><div class=\"ugb-spacer--inner\"><\/div><\/div><\/div><\/div>\n\n\n<div id=\"tablepress-3-scroll-wrapper\" class=\"tablepress-scroll-wrapper\">\n\n<table id=\"tablepress-3\" class=\"tablepress tablepress-id-3 tablepress-responsive\">\n<thead>\n<tr class=\"row-1 odd\">\n\t<th class=\"column-1\">Name&amp;URL<\/th><th class=\"column-2\">Start-Datum<\/th><th class=\"column-3\">End-Datum<\/th><th class=\"column-4\">Ort<\/th><th class=\"column-5\">Beschreibung<\/th>\n<\/tr>\n<\/thead>\n<tbody class=\"row-hover\">\n<tr class=\"row-2 even\">\n\t<td class=\"column-1\"><a target=\"_blank\" href=\"https:\/\/www.buelacherbierfest.ch\/#info\">B\u00fclacher Bier Fest<\/a><\/td><td class=\"column-2\">05.06.2021<\/td><td class=\"column-3\"><\/td><td class=\"column-4\">B\u00fclach<\/td><td class=\"column-5\">14 Brauereien sind vor Ort<\/td>\n<\/tr>\n<tr class=\"row-3 odd\">\n\t<td class=\"column-1\"><a href=\"www.bierarena.com\">1. Bierwanderung Laupen<\/a><\/td><td class=\"column-2\">10.09.2022<\/td><td class=\"column-3\">10.09.2022<\/td><td class=\"column-4\">Laupen<\/td><td class=\"column-5\">5 Schweizer Brauereien erwarten dich an der 1. Bierwanderung in Laupen. Das Schloss Laupen bildet den Abschluss dieses Bierevents.<\/td>\n<\/tr>\n<tr class=\"row-4 even\">\n\t<td class=\"column-1\"><a href=\"www.bierarena.com\">3. Bierwanderung Region Murten<\/a><\/td><td class=\"column-2\">18.06.2022<\/td><td class=\"column-3\">18.06.2022<\/td><td class=\"column-4\">Murten<\/td><td class=\"column-5\">3. Ausgabe der Bierwanderung in Region Murten mit diversen Schweizer Kleinbrauereien.<\/td>\n<\/tr>\n<tr class=\"row-5 odd\">\n\t<td class=\"column-1\"><\/td><td class=\"column-2\">15.08.2026<\/td><td class=\"column-3\">15.08.2026<\/td><td class=\"column-4\">Schlierbach<\/td><td class=\"column-5\">Freunde des Wanderns und des Bieres!<br \/>\nWas gibt es Sch\u00f6neres als mit Freunden ein k\u00fchles Bier zu geniessen?. Auf einer Strecke von ca. 10 Kilometer befinden sich 7 Brauereist\u00e4nde welche dich die Vielfalt der  Schweizer Bierkultur proBieren lassen.<\/td>\n<\/tr>\n<\/tbody>\n<\/table>\n\n<\/div>\n\n\n\n<p><\/p>\n\n\n\n<p><\/p>\n","protected":false},"excerpt":{"rendered":"<p>Wann ist der n\u00e4chste Craftbier Event in der Gegend? Auf dieser Seite findest du den richtigen Event f\u00fcr dich in der Schweiz. Egal, ob dies ein Craftbier Festival ist, ein Tag der offenen T\u00fcr oder auch nur die Festzeiten am <a class=\"read-more\" href=\"https:\/\/www.bierversuche.ch\/blog\/event\/\">\u27bd<\/a><\/p>\n","protected":false},"author":1,"featured_media":0,"parent":0,"menu_order":0,"comment_status":"closed","ping_status":"closed","template":"","meta":{"jetpack_post_was_ever_published":false,"footnotes":""},"class_list":["post-5887","page","type-page","status-publish","hentry","col-sm-6 col-md-4"],"featured_image_urls_v2":{"full":"","thumbnail":"","medium":"","medium_large":"","large":"","1536x1536":"","2048x2048":"","greatmag-extra-small":"","greatmag-small":"","greatmag-medium":"","greatmag-featured-a":"","greatmag-featured-b":"","greatmag-featured-c":"","greatmag-single":""},"post_excerpt_stackable_v2":"<p>Wann ist der n\u00e4chste Craftbier Event in der Gegend? Auf dieser Seite findest du den richtigen Event f\u00fcr dich in der Schweiz. Egal, ob dies ein Craftbier Festival ist, ein Tag der offenen T\u00fcr oder auch nur die Festzeiten am Tag des Schweizer Biers.&nbsp; Veranstalter tragen ihre Events selber in unser Formular ein und die Eintr\u00e4ge werden t\u00e4glich, automatisch aktualisiert. Deshalb \u00fcbernehmen wir aber keine Verantwortung f\u00fcr die Inhalte und Richtigkeit der Eintr\u00e4ge und Verlinkungen. Name&amp;URLStart-DatumEnd-DatumOrtBeschreibung B\u00fclacher Bier Fest05.06.2021B\u00fclach14 Brauereien sind vor Ort 1. Bierwanderung Laupen10.09.202210.09.2022Laupen5 Schweizer Brauereien erwarten dich an der 1. Bierwanderung in Laupen. Das Schloss Laupen bildet&hellip;<\/p>\n","category_list_v2":"","author_info_v2":{"name":"marcel","url":"https:\/\/www.bierversuche.ch\/blog\/author\/admin\/"},"comments_num_v2":"0 comments","yoast_head":"<!-- This site is optimized with the Yoast SEO plugin v23.8 - https:\/\/yoast.com\/wordpress\/plugins\/seo\/ -->\n<title>Finde Craftbier Events, Festivals usw. in der Schweiz<\/title>\n<meta name=\"description\" content=\"Du findest hier Craftbier Events wie Festivals und andere Veranstaltungen, welche Schweizer Brauereien bei uns erfasst haben.\" \/>\n<meta name=\"robots\" content=\"index, follow, max-snippet:-1, max-image-preview:large, max-video-preview:-1\" \/>\n<link rel=\"canonical\" href=\"https:\/\/www.bierversuche.ch\/blog\/event\/\" \/>\n<meta property=\"og:locale\" content=\"de_DE\" \/>\n<meta property=\"og:type\" content=\"article\" \/>\n<meta property=\"og:title\" content=\"Finde Craftbier Events, Festivals usw. in der Schweiz\" \/>\n<meta property=\"og:description\" content=\"Du findest hier Craftbier Events wie Festivals und andere Veranstaltungen, welche Schweizer Brauereien bei uns erfasst haben.\" \/>\n<meta property=\"og:url\" content=\"https:\/\/www.bierversuche.ch\/blog\/event\/\" \/>\n<meta property=\"og:site_name\" content=\"bierversuche.ch\" \/>\n<meta property=\"article:publisher\" content=\"https:\/\/www.facebook.com\/bierversuchech\" \/>\n<meta property=\"article:modified_time\" content=\"2021-02-18T14:04:08+00:00\" \/>\n<meta name=\"twitter:card\" content=\"summary_large_image\" \/>\n<meta name=\"twitter:site\" content=\"@bierversuche\" \/>\n<meta name=\"twitter:label1\" content=\"Gesch\u00e4tzte Lesezeit\" \/>\n\t<meta name=\"twitter:data1\" content=\"1\u00a0Minute\" \/>\n<script type=\"application\/ld+json\" class=\"yoast-schema-graph\">{\"@context\":\"https:\/\/schema.org\",\"@graph\":[{\"@type\":\"WebPage\",\"@id\":\"https:\/\/www.bierversuche.ch\/blog\/event\/\",\"url\":\"https:\/\/www.bierversuche.ch\/blog\/event\/\",\"name\":\"Finde Craftbier Events, Festivals usw. in der Schweiz\",\"isPartOf\":{\"@id\":\"https:\/\/www.bierversuche.ch\/blog\/#website\"},\"datePublished\":\"2021-02-15T13:12:32+00:00\",\"dateModified\":\"2021-02-18T14:04:08+00:00\",\"description\":\"Du findest hier Craftbier Events wie Festivals und andere Veranstaltungen, welche Schweizer Brauereien bei uns erfasst haben.\",\"breadcrumb\":{\"@id\":\"https:\/\/www.bierversuche.ch\/blog\/event\/#breadcrumb\"},\"inLanguage\":\"de\",\"potentialAction\":[{\"@type\":\"ReadAction\",\"target\":[\"https:\/\/www.bierversuche.ch\/blog\/event\/\"]}]},{\"@type\":\"BreadcrumbList\",\"@id\":\"https:\/\/www.bierversuche.ch\/blog\/event\/#breadcrumb\",\"itemListElement\":[{\"@type\":\"ListItem\",\"position\":1,\"name\":\"Startseite\",\"item\":\"https:\/\/www.bierversuche.ch\/blog\/\"},{\"@type\":\"ListItem\",\"position\":2,\"name\":\"Event\"}]},{\"@type\":\"WebSite\",\"@id\":\"https:\/\/www.bierversuche.ch\/blog\/#website\",\"url\":\"https:\/\/www.bierversuche.ch\/blog\/\",\"name\":\"bierversuche.ch\",\"description\":\"Craft Beer Blog\",\"publisher\":{\"@id\":\"https:\/\/www.bierversuche.ch\/blog\/#organization\"},\"potentialAction\":[{\"@type\":\"SearchAction\",\"target\":{\"@type\":\"EntryPoint\",\"urlTemplate\":\"https:\/\/www.bierversuche.ch\/blog\/?s={search_term_string}\"},\"query-input\":{\"@type\":\"PropertyValueSpecification\",\"valueRequired\":true,\"valueName\":\"search_term_string\"}}],\"inLanguage\":\"de\"},{\"@type\":\"Organization\",\"@id\":\"https:\/\/www.bierversuche.ch\/blog\/#organization\",\"name\":\"bierversuche\",\"url\":\"https:\/\/www.bierversuche.ch\/blog\/\",\"logo\":{\"@type\":\"ImageObject\",\"inLanguage\":\"de\",\"@id\":\"https:\/\/www.bierversuche.ch\/blog\/#\/schema\/logo\/image\/\",\"url\":\"https:\/\/i0.wp.com\/www.bierversuche.ch\/blog\/wp-content\/uploads\/2013\/10\/Bierversuche_final_ohne_background-e1380636421999.png?fit=120%2C120&ssl=1\",\"contentUrl\":\"https:\/\/i0.wp.com\/www.bierversuche.ch\/blog\/wp-content\/uploads\/2013\/10\/Bierversuche_final_ohne_background-e1380636421999.png?fit=120%2C120&ssl=1\",\"width\":120,\"height\":120,\"caption\":\"bierversuche\"},\"image\":{\"@id\":\"https:\/\/www.bierversuche.ch\/blog\/#\/schema\/logo\/image\/\"},\"sameAs\":[\"https:\/\/www.facebook.com\/bierversuchech\",\"https:\/\/x.com\/bierversuche\",\"https:\/\/www.instagram.com\/bierversuche\/\",\"https:\/\/www.youtube.com\/channel\/UCeL4NwY3vPvisauq_X7N8ZA\"]}]}<\/script>\n<!-- \/ Yoast SEO plugin. -->","yoast_head_json":{"title":"Finde Craftbier Events, Festivals usw. in der Schweiz","description":"Du findest hier Craftbier Events wie Festivals und andere Veranstaltungen, welche Schweizer Brauereien bei uns erfasst haben.","robots":{"index":"index","follow":"follow","max-snippet":"max-snippet:-1","max-image-preview":"max-image-preview:large","max-video-preview":"max-video-preview:-1"},"canonical":"https:\/\/www.bierversuche.ch\/blog\/event\/","og_locale":"de_DE","og_type":"article","og_title":"Finde Craftbier Events, Festivals usw. in der Schweiz","og_description":"Du findest hier Craftbier Events wie Festivals und andere Veranstaltungen, welche Schweizer Brauereien bei uns erfasst haben.","og_url":"https:\/\/www.bierversuche.ch\/blog\/event\/","og_site_name":"bierversuche.ch","article_publisher":"https:\/\/www.facebook.com\/bierversuchech","article_modified_time":"2021-02-18T14:04:08+00:00","twitter_card":"summary_large_image","twitter_site":"@bierversuche","twitter_misc":{"Gesch\u00e4tzte Lesezeit":"1\u00a0Minute"},"schema":{"@context":"https:\/\/schema.org","@graph":[{"@type":"WebPage","@id":"https:\/\/www.bierversuche.ch\/blog\/event\/","url":"https:\/\/www.bierversuche.ch\/blog\/event\/","name":"Finde Craftbier Events, Festivals usw. in der Schweiz","isPartOf":{"@id":"https:\/\/www.bierversuche.ch\/blog\/#website"},"datePublished":"2021-02-15T13:12:32+00:00","dateModified":"2021-02-18T14:04:08+00:00","description":"Du findest hier Craftbier Events wie Festivals und andere Veranstaltungen, welche Schweizer Brauereien bei uns erfasst haben.","breadcrumb":{"@id":"https:\/\/www.bierversuche.ch\/blog\/event\/#breadcrumb"},"inLanguage":"de","potentialAction":[{"@type":"ReadAction","target":["https:\/\/www.bierversuche.ch\/blog\/event\/"]}]},{"@type":"BreadcrumbList","@id":"https:\/\/www.bierversuche.ch\/blog\/event\/#breadcrumb","itemListElement":[{"@type":"ListItem","position":1,"name":"Startseite","item":"https:\/\/www.bierversuche.ch\/blog\/"},{"@type":"ListItem","position":2,"name":"Event"}]},{"@type":"WebSite","@id":"https:\/\/www.bierversuche.ch\/blog\/#website","url":"https:\/\/www.bierversuche.ch\/blog\/","name":"bierversuche.ch","description":"Craft Beer Blog","publisher":{"@id":"https:\/\/www.bierversuche.ch\/blog\/#organization"},"potentialAction":[{"@type":"SearchAction","target":{"@type":"EntryPoint","urlTemplate":"https:\/\/www.bierversuche.ch\/blog\/?s={search_term_string}"},"query-input":{"@type":"PropertyValueSpecification","valueRequired":true,"valueName":"search_term_string"}}],"inLanguage":"de"},{"@type":"Organization","@id":"https:\/\/www.bierversuche.ch\/blog\/#organization","name":"bierversuche","url":"https:\/\/www.bierversuche.ch\/blog\/","logo":{"@type":"ImageObject","inLanguage":"de","@id":"https:\/\/www.bierversuche.ch\/blog\/#\/schema\/logo\/image\/","url":"https:\/\/i0.wp.com\/www.bierversuche.ch\/blog\/wp-content\/uploads\/2013\/10\/Bierversuche_final_ohne_background-e1380636421999.png?fit=120%2C120&ssl=1","contentUrl":"https:\/\/i0.wp.com\/www.bierversuche.ch\/blog\/wp-content\/uploads\/2013\/10\/Bierversuche_final_ohne_background-e1380636421999.png?fit=120%2C120&ssl=1","width":120,"height":120,"caption":"bierversuche"},"image":{"@id":"https:\/\/www.bierversuche.ch\/blog\/#\/schema\/logo\/image\/"},"sameAs":["https:\/\/www.facebook.com\/bierversuchech","https:\/\/x.com\/bierversuche","https:\/\/www.instagram.com\/bierversuche\/","https:\/\/www.youtube.com\/channel\/UCeL4NwY3vPvisauq_X7N8ZA"]}]}},"jetpack_sharing_enabled":true,"jetpack_shortlink":"https:\/\/wp.me\/P4qyc6-1wX","_links":{"self":[{"href":"https:\/\/www.bierversuche.ch\/blog\/wp-json\/wp\/v2\/pages\/5887"}],"collection":[{"href":"https:\/\/www.bierversuche.ch\/blog\/wp-json\/wp\/v2\/pages"}],"about":[{"href":"https:\/\/www.bierversuche.ch\/blog\/wp-json\/wp\/v2\/types\/page"}],"author":[{"embeddable":true,"href":"https:\/\/www.bierversuche.ch\/blog\/wp-json\/wp\/v2\/users\/1"}],"replies":[{"embeddable":true,"href":"https:\/\/www.bierversuche.ch\/blog\/wp-json\/wp\/v2\/comments?post=5887"}],"version-history":[{"count":7,"href":"https:\/\/www.bierversuche.ch\/blog\/wp-json\/wp\/v2\/pages\/5887\/revisions"}],"predecessor-version":[{"id":6014,"href":"https:\/\/www.bierversuche.ch\/blog\/wp-json\/wp\/v2\/pages\/5887\/revisions\/6014"}],"wp:attachment":[{"href":"https:\/\/www.bierversuche.ch\/blog\/wp-json\/wp\/v2\/media?parent=5887"}],"curies":[{"name":"wp","href":"https:\/\/api.w.org\/{rel}","templated":true}]}}